{"id":2,"date":"2012-04-23T09:52:35","date_gmt":"2012-04-23T09:52:35","guid":{"rendered":"http:\/\/blocs.xarxanet.org\/adfisics\/?page_id=2"},"modified":"2021-02-11T12:36:56","modified_gmt":"2021-02-11T12:36:56","slug":"pagina-exemple","status":"publish","type":"page","link":"https:\/\/blocs.xarxanet.org\/adfisics\/?page_id=2","title":{"rendered":"Qui som"},"content":{"rendered":"<p style=\"text-align: left\"><strong><span style=\"color: #000000\">L&#8217;Associaci\u00f3 de\u00a0Discapacitats F\u00edsics\u00a0de Sant Feliu de Llobregat (ADF) \u00e9s una entitat\u00a0sense \u00e0nim de lucre que va n\u00e9ixer\u00a0l&#8217;any 2004 per tal de representar els drets i afrontar els problemes de les persones amb discapacitat f\u00edsica a Sant Feliu de Llobregat. <\/span><\/strong><\/p>\n<p style=\"text-align: left\"><strong><span style=\"color: #000000\">L&#8217;entitat est\u00e0 orientada a vetllar per l&#8217; integraci\u00f3 social de les persones amb discapacitats f\u00edsica, la supressi\u00f3 de barreres arquitect\u00f2niques i\u00a0<\/span><\/strong><strong><span style=\"color: #000000\">en general a treballar pels interessos de les persones amb discapacitat f\u00edsica de Sant Feliu de Llobregat.<\/span><\/strong><\/p>\n","protected":false},"excerpt":{"rendered":"<p>L&#8217;Associaci\u00f3 de\u00a0Discapacitats F\u00edsics\u00a0de Sant Feliu de Llobregat (ADF) \u00e9s una entitat\u00a0sense \u00e0nim de lucre que va n\u00e9ixer\u00a0l&#8217;any 2004 per tal de representar els drets i afrontar els problemes de les persones amb discapacitat f\u00edsica a Sant Feliu de Llobregat. L&#8217;entitat est\u00e0 orientada a vetllar per l&#8217; integraci\u00f3 social de les persones amb discapacitats f\u00edsica, la &hellip; <a href=\"https:\/\/blocs.xarxanet.org\/adfisics\/?page_id=2\" class=\"more-link\">Continua llegint <span class=\"screen-reader-text\">\u00abQui som\u00bb<\/span><\/a><\/p>\n","protected":false},"author":280,"featured_media":0,"parent":0,"menu_order":1,"comment_status":"open","ping_status":"open","template":"","meta":{"footnotes":""},"class_list":["post-2","page","type-page","status-publish","hentry"],"_links":{"self":[{"href":"https:\/\/blocs.xarxanet.org\/adfisics\/index.php?rest_route=\/wp\/v2\/pages\/2","targetHints":{"allow":["GET"]}}],"collection":[{"href":"https:\/\/blocs.xarxanet.org\/adfisics\/index.php?rest_route=\/wp\/v2\/pages"}],"about":[{"href":"https:\/\/blocs.xarxanet.org\/adfisics\/index.php?rest_route=\/wp\/v2\/types\/page"}],"author":[{"embeddable":true,"href":"https:\/\/blocs.xarxanet.org\/adfisics\/index.php?rest_route=\/wp\/v2\/users\/280"}],"replies":[{"embeddable":true,"href":"https:\/\/blocs.xarxanet.org\/adfisics\/index.php?rest_route=%2Fwp%2Fv2%2Fcomments&post=2"}],"version-history":[{"count":19,"href":"https:\/\/blocs.xarxanet.org\/adfisics\/index.php?rest_route=\/wp\/v2\/pages\/2\/revisions"}],"predecessor-version":[{"id":1165,"href":"https:\/\/blocs.xarxanet.org\/adfisics\/index.php?rest_route=\/wp\/v2\/pages\/2\/revisions\/1165"}],"wp:attachment":[{"href":"https:\/\/blocs.xarxanet.org\/adfisics\/index.php?rest_route=%2Fwp%2Fv2%2Fmedia&parent=2"}],"curies":[{"name":"wp","href":"https:\/\/api.w.org\/{rel}","templated":true}]}}