{"id":105,"date":"2012-05-16T17:26:46","date_gmt":"2012-05-16T17:26:46","guid":{"rendered":"http:\/\/blocs.xarxanet.org\/adfisics\/?page_id=105"},"modified":"2017-01-27T16:37:58","modified_gmt":"2017-01-27T16:37:58","slug":"on-som","status":"publish","type":"page","link":"https:\/\/blocs.xarxanet.org\/adfisics\/?page_id=105","title":{"rendered":"On som"},"content":{"rendered":"<p><span style=\"line-height: 1.7;font-size: 13px\">Associaci\u00f3 de Dicapacitats F\u00edsics de Sant Feliu de Llobregat (ADF)<\/span><\/p>\n<p>Riera de la Salut, 7, Centre C\u00edvic Les Tovvalloles<\/p>\n<p>08980 Sant Feliu de Llobregat (Barcelona)<\/p>\n<p>Primer dijous de mes a les 17h.<\/p>\n","protected":false},"excerpt":{"rendered":"<p>Associaci\u00f3 de Dicapacitats F\u00edsics de Sant Feliu de Llobregat (ADF) Riera de la Salut, 7, Centre C\u00edvic Les Tovvalloles 08980 Sant Feliu de Llobregat (Barcelona) Primer dijous de mes a les 17h.<\/p>\n","protected":false},"author":280,"featured_media":0,"parent":24,"menu_order":0,"comment_status":"open","ping_status":"open","template":"","meta":{"footnotes":""},"class_list":["post-105","page","type-page","status-publish","hentry"],"_links":{"self":[{"href":"https:\/\/blocs.xarxanet.org\/adfisics\/index.php?rest_route=\/wp\/v2\/pages\/105","targetHints":{"allow":["GET"]}}],"collection":[{"href":"https:\/\/blocs.xarxanet.org\/adfisics\/index.php?rest_route=\/wp\/v2\/pages"}],"about":[{"href":"https:\/\/blocs.xarxanet.org\/adfisics\/index.php?rest_route=\/wp\/v2\/types\/page"}],"author":[{"embeddable":true,"href":"https:\/\/blocs.xarxanet.org\/adfisics\/index.php?rest_route=\/wp\/v2\/users\/280"}],"replies":[{"embeddable":true,"href":"https:\/\/blocs.xarxanet.org\/adfisics\/index.php?rest_route=%2Fwp%2Fv2%2Fcomments&post=105"}],"version-history":[{"count":22,"href":"https:\/\/blocs.xarxanet.org\/adfisics\/index.php?rest_route=\/wp\/v2\/pages\/105\/revisions"}],"predecessor-version":[{"id":939,"href":"https:\/\/blocs.xarxanet.org\/adfisics\/index.php?rest_route=\/wp\/v2\/pages\/105\/revisions\/939"}],"up":[{"embeddable":true,"href":"https:\/\/blocs.xarxanet.org\/adfisics\/index.php?rest_route=\/wp\/v2\/pages\/24"}],"wp:attachment":[{"href":"https:\/\/blocs.xarxanet.org\/adfisics\/index.php?rest_route=%2Fwp%2Fv2%2Fmedia&parent=105"}],"curies":[{"name":"wp","href":"https:\/\/api.w.org\/{rel}","templated":true}]}}